{"id":14,"date":"2016-07-26T09:35:24","date_gmt":"2016-07-26T09:35:24","guid":{"rendered":"http:\/\/ubytovaniuzamku.cz\/?page_id=14"},"modified":"2025-06-22T17:15:05","modified_gmt":"2025-06-22T15:15:05","slug":"cenik-ubytovani","status":"publish","type":"page","link":"https:\/\/ubytovaniuzamku.cz\/?page_id=14","title":{"rendered":"Cen\u00edk ubytov\u00e1n\u00ed"},"content":{"rendered":"<table width=\"969\" cellspacing=\"0\" cellpadding=\"3\">\n<thead>\n<tr>\n<th width=\"961\">UBYTOV\u00c1N\u00cd U Z\u00c1MKU &#8211; CEN\u00cdK ubytov\u00e1n\u00ed platn\u00fd od 1. 7. 2025<\/th>\n<\/tr>\n<\/thead>\n<\/table>\n<table style=\"width: 100%; height: 284px;\" width=\"969\" cellspacing=\"0\" cellpadding=\"3\">\n<thead>\n<tr style=\"height: 56px;\">\n<th style=\"height: 56px; width: 50.6141%;\" width=\"538\">Typ ubytov\u00e1n\u00ed<\/th>\n<th style=\"height: 56px; width: 22.1929%;\" width=\"193\">Cena s DPH<\/th>\n<th style=\"height: 56px; width: 14.1228%;\" width=\"102\">Poplatek m\u011bstu<\/th>\n<th style=\"height: 56px; width: 12.9825%;\" width=\"112\">Celkem<\/th>\n<\/tr>\n<\/thead>\n<tbody>\n<tr style=\"height: 57px;\">\n<td style=\"height: 57px; width: 50.6141%;\" width=\"538\">Kr\u00e1tkodob\u00fd pobyt 1 noc \u2013 apartm\u00e1n osoba \/ noc<\/td>\n<td style=\"height: 57px; width: 22.1929%;\" width=\"193\">600 K\u010d<\/td>\n<td style=\"height: 57px; width: 14.1228%;\" width=\"102\">25 K\u010d<\/td>\n<td style=\"height: 57px; width: 12.9825%;\" width=\"112\">625 K\u010d<\/td>\n<\/tr>\n<tr style=\"height: 57px;\">\n<td style=\"height: 57px; width: 50.6141%;\" width=\"538\">Kr\u00e1tkodob\u00fd pobyt\u00a0 2 a v\u00edce noc\u00ed \u2013 apartm\u00e1n osoba \/ noc<\/td>\n<td style=\"height: 57px; width: 22.1929%;\" width=\"193\">500 K\u010d<\/td>\n<td style=\"height: 57px; width: 14.1228%;\" width=\"102\">25 K\u010d<\/td>\n<td style=\"height: 57px; width: 12.9825%;\" width=\"112\">525 K\u010d<\/td>\n<\/tr>\n<tr style=\"height: 57px;\">\n<td style=\"height: 57px; width: 50.6141%;\" width=\"538\">Dlouhodob\u00fd pobyt<span style=\"font-family: Liberation Serif, serif;\">*<\/span> \u2013 apartm\u00e1n osoba \/ noc<\/td>\n<td style=\"height: 57px; width: 22.1929%;\" width=\"193\">400 K\u010d<\/td>\n<td style=\"height: 57px; width: 14.1228%;\" width=\"102\">25 K\u010d<span style=\"font-family: Liberation Serif, serif;\">**<\/span><\/td>\n<td style=\"height: 57px; width: 12.9825%;\" width=\"112\">425 K\u010d<\/td>\n<\/tr>\n<tr style=\"height: 57px;\">\n<td style=\"height: 57px; width: 50.6141%;\" width=\"538\">Kr\u00e1tkodob\u00fd pobyt &#8211; I. patro pokoj osoba \/ noc<\/td>\n<td style=\"height: 57px; width: 22.1929%;\" width=\"193\">400 K\u010d<\/td>\n<td style=\"height: 57px; width: 14.1228%;\" width=\"102\">25 K\u010d<\/td>\n<td style=\"height: 57px; width: 12.9825%;\" width=\"112\">425 K\u010d<\/td>\n<\/tr>\n<tr style=\"height: 57px;\">\n<td style=\"height: 57px; width: 50.6141%;\" width=\"538\">Dlouhodob\u00fd pobyt<span style=\"font-family: Liberation Serif, serif;\">*<\/span> &#8211; I. patro<\/td>\n<td style=\"height: 57px; width: 22.1929%;\" width=\"193\">340 K\u010d<\/td>\n<td style=\"height: 57px; width: 14.1228%;\" width=\"102\">25 K\u010d<span style=\"font-family: Liberation Serif, serif;\">**<\/span><\/td>\n<td style=\"height: 57px; width: 12.9825%;\" width=\"112\">365 K\u010d<\/td>\n<\/tr>\n<\/tbody>\n<\/table>\n<p><span style=\"font-family: Liberation Serif, serif;\">*<\/span><span style=\"font-family: Liberation Serif, serif;\"> pobyt nad 30 dn\u016f v kuse<\/span><\/p>\n<p><span style=\"font-family: Liberation Serif, serif;\">** pobyt nad 60 dn\u016f bez poplatku m\u011bstu 25 K\u010d\/noc.<\/span><\/p>\n<p><i style=\"font-size: large; font-family: Arial, serif; color: #000000;\"><b>Platba v\u017edy p\u0159edem, po domluv\u011b mo\u017eno <\/b><\/i><span style=\"color: #000000;\"><span style=\"font-family: Arial, serif;\"><span style=\"font-size: large;\"><i><b>platit p\u0159es \u00fa\u010det na fakturu.<\/b><\/i><\/span><\/span><\/span><\/p>\n<p class=\"western\" align=\"left\"><span style=\"color: #000000;\"><span style=\"font-family: Arial, serif;\"><span style=\"font-size: small;\"><i>Dle usnesen\u00ed M\u00da\u00a0 byl stanoven m\u00edstn\u00ed poplatek 25 K\u010d za ka\u017ed\u00fd den pobytu. Poplatek je \u00fa\u010dtov\u00e1n u pobyt\u016f do 60 dn\u016f.<\/i><\/span><\/span><\/span><\/p>\n","protected":false},"excerpt":{"rendered":"<p>UBYTOV\u00c1N\u00cd U Z\u00c1MKU &#8211; CEN\u00cdK ubytov\u00e1n\u00ed platn\u00fd od 1. 7. 2025 Typ ubytov\u00e1n\u00ed Cena s DPH Poplatek m\u011bstu Celkem Kr\u00e1tkodob\u00fd pobyt 1 noc \u2013 apartm\u00e1n osoba \/ noc 600 K\u010d 25 K\u010d 625 K\u010d Kr\u00e1tkodob\u00fd pobyt\u00a0 2 a v\u00edce noc\u00ed&hellip; <\/p>\n","protected":false},"author":1,"featured_media":0,"parent":0,"menu_order":0,"comment_status":"closed","ping_status":"closed","template":"","meta":{"footnotes":""},"class_list":["post-14","page","type-page","status-publish","hentry"],"aioseo_notices":[],"_links":{"self":[{"href":"https:\/\/ubytovaniuzamku.cz\/index.php?rest_route=\/wp\/v2\/pages\/14","targetHints":{"allow":["GET"]}}],"collection":[{"href":"https:\/\/ubytovaniuzamku.cz\/index.php?rest_route=\/wp\/v2\/pages"}],"about":[{"href":"https:\/\/ubytovaniuzamku.cz\/index.php?rest_route=\/wp\/v2\/types\/page"}],"author":[{"embeddable":true,"href":"https:\/\/ubytovaniuzamku.cz\/index.php?rest_route=\/wp\/v2\/users\/1"}],"replies":[{"embeddable":true,"href":"https:\/\/ubytovaniuzamku.cz\/index.php?rest_route=%2Fwp%2Fv2%2Fcomments&post=14"}],"version-history":[{"count":59,"href":"https:\/\/ubytovaniuzamku.cz\/index.php?rest_route=\/wp\/v2\/pages\/14\/revisions"}],"predecessor-version":[{"id":407,"href":"https:\/\/ubytovaniuzamku.cz\/index.php?rest_route=\/wp\/v2\/pages\/14\/revisions\/407"}],"wp:attachment":[{"href":"https:\/\/ubytovaniuzamku.cz\/index.php?rest_route=%2Fwp%2Fv2%2Fmedia&parent=14"}],"curies":[{"name":"wp","href":"https:\/\/api.w.org\/{rel}","templated":true}]}}