{"id":18,"date":"2016-07-26T09:35:50","date_gmt":"2016-07-26T09:35:50","guid":{"rendered":"http:\/\/ubytovaniuzamku.cz\/?page_id=18"},"modified":"2019-03-12T10:34:03","modified_gmt":"2019-03-12T09:34:03","slug":"kontakt","status":"publish","type":"page","link":"https:\/\/ubytovaniuzamku.cz\/?page_id=18","title":{"rendered":"Kontakt"},"content":{"rendered":"<table>\n<tbody>\n<tr>\n<td><img loading=\"lazy\" decoding=\"async\" class=\"alignleft wp-image-122\" src=\"http:\/\/ubytovaniuzamku.cz\/wp-content\/uploads\/2016\/07\/uu1z-300x165.png\" alt=\"uu1z\" width=\"152\" height=\"84\" srcset=\"https:\/\/ubytovaniuzamku.cz\/wp-content\/uploads\/2016\/07\/uu1z-300x165.png 300w, https:\/\/ubytovaniuzamku.cz\/wp-content\/uploads\/2016\/07\/uu1z-450x250.png 450w, https:\/\/ubytovaniuzamku.cz\/wp-content\/uploads\/2016\/07\/uu1z.png 512w\" sizes=\"auto, (max-width: 152px) 100vw, 152px\" \/><\/td>\n<\/tr>\n<tr>\n<td><strong>EKORAL s.r.o.<\/strong><\/p>\n<p>Komensk\u00e9ho 207<br \/>\nBrand\u00fds nad Orlic\u00ed<br \/>\n561 12<\/p>\n<p>I\u010cO: 25938681<\/p>\n<p>DI\u010c: CZ25938681<\/p>\n<p>Identifik\u00e1tor datov\u00e9 schr\u00e1nky: mb63d9c<\/p>\n<div class=\"phone-no\"><strong>Telefon<\/strong>: +420 604 340 890<br \/>\n<strong>Email:<\/strong> <a href=\"mailto:pandomaci@ubytovaniuzamku.cz\">pandomaci@ubytovaniuzamku.cz<\/a><\/div>\n<div class=\"phone-no\"><\/div>\n<\/td>\n<\/tr>\n<\/tbody>\n<\/table>\n<p><iframe loading=\"lazy\" style=\"border: 0;\" src=\"https:\/\/www.google.com\/maps\/embed?pb=!1m18!1m12!1m3!1d2564.592601022834!2d16.286814515715164!3d50.00024707941591!2m3!1f0!2f0!3f0!3m2!1i1024!2i768!4f13.1!3m3!1m2!1s0x470de8c276a9ac11%3A0xa7adc08dd82496f6!2sKomensk%C3%A9ho+207%2C+561+12+Brand%C3%BDs+nad+Orlic%C3%AD!5e0!3m2!1scs!2scz!4v1469527412765\" width=\"600\" height=\"450\" frameborder=\"0\" allowfullscreen=\"allowfullscreen\"><\/iframe><\/p>\n","protected":false},"excerpt":{"rendered":"<p>EKORAL s.r.o. Komensk\u00e9ho 207 Brand\u00fds nad Orlic\u00ed 561 12 I\u010cO: 25938681 DI\u010c: CZ25938681 Identifik\u00e1tor datov\u00e9 schr\u00e1nky: mb63d9c Telefon: +420 604 340 890 Email: pandomaci@ubytovaniuzamku.cz<\/p>\n","protected":false},"author":1,"featured_media":0,"parent":0,"menu_order":0,"comment_status":"closed","ping_status":"closed","template":"","meta":{"footnotes":""},"class_list":["post-18","page","type-page","status-publish","hentry"],"aioseo_notices":[],"_links":{"self":[{"href":"https:\/\/ubytovaniuzamku.cz\/index.php?rest_route=\/wp\/v2\/pages\/18","targetHints":{"allow":["GET"]}}],"collection":[{"href":"https:\/\/ubytovaniuzamku.cz\/index.php?rest_route=\/wp\/v2\/pages"}],"about":[{"href":"https:\/\/ubytovaniuzamku.cz\/index.php?rest_route=\/wp\/v2\/types\/page"}],"author":[{"embeddable":true,"href":"https:\/\/ubytovaniuzamku.cz\/index.php?rest_route=\/wp\/v2\/users\/1"}],"replies":[{"embeddable":true,"href":"https:\/\/ubytovaniuzamku.cz\/index.php?rest_route=%2Fwp%2Fv2%2Fcomments&post=18"}],"version-history":[{"count":16,"href":"https:\/\/ubytovaniuzamku.cz\/index.php?rest_route=\/wp\/v2\/pages\/18\/revisions"}],"predecessor-version":[{"id":253,"href":"https:\/\/ubytovaniuzamku.cz\/index.php?rest_route=\/wp\/v2\/pages\/18\/revisions\/253"}],"wp:attachment":[{"href":"https:\/\/ubytovaniuzamku.cz\/index.php?rest_route=%2Fwp%2Fv2%2Fmedia&parent=18"}],"curies":[{"name":"wp","href":"https:\/\/api.w.org\/{rel}","templated":true}]}}