{"id":2,"date":"2014-08-29T12:48:08","date_gmt":"2014-08-29T12:48:08","guid":{"rendered":"http:\/\/wp.appi.pro\/domains\/wp.appi.pro\/?page_id=2"},"modified":"2025-08-08T12:15:37","modified_gmt":"2025-08-08T10:15:37","slug":"sample-page","status":"publish","type":"page","link":"https:\/\/ubytovaniuzamku.cz\/","title":{"rendered":"Z\u00e1kladn\u00ed informace"},"content":{"rendered":"<p>V p\u0159\u00edpad\u011b z\u00e1jmu, o kr\u00e1tkodob\u00e9, nebo dlouhodob\u00e9 ubytov\u00e1n\u00ed v Brand\u00fdse nad Orlic\u00ed, n\u00e1s nev\u00e1hejte kontaktovat (pracovn\u00ed skupiny i individu\u00e1ln\u00ed turistika).<\/p>\n<p>Ubytovna je neku\u0159\u00e1ck\u00e1.<\/p>\n<p>Internet zdarma.<\/p>\n<p>Ve\u0159ejn\u00e9 parkov\u00e1n\u00ed p\u0159ed budovou.<\/p>\n<p>Mo\u017enost platby p\u0159es QR k\u00f3d.<\/p>\n","protected":false},"excerpt":{"rendered":"<p>V p\u0159\u00edpad\u011b z\u00e1jmu, o kr\u00e1tkodob\u00e9, nebo dlouhodob\u00e9 ubytov\u00e1n\u00ed v Brand\u00fdse nad Orlic\u00ed, n\u00e1s nev\u00e1hejte kontaktovat (pracovn\u00ed skupiny i individu\u00e1ln\u00ed turistika). Ubytovna je neku\u0159\u00e1ck\u00e1. Internet zdarma. Ve\u0159ejn\u00e9 parkov\u00e1n\u00ed p\u0159ed budovou. Mo\u017enost platby p\u0159es QR k\u00f3d.<\/p>\n","protected":false},"author":1,"featured_media":0,"parent":0,"menu_order":0,"comment_status":"closed","ping_status":"closed","template":"","meta":{"footnotes":""},"class_list":["post-2","page","type-page","status-publish","hentry"],"aioseo_notices":[],"_links":{"self":[{"href":"https:\/\/ubytovaniuzamku.cz\/index.php?rest_route=\/wp\/v2\/pages\/2","targetHints":{"allow":["GET"]}}],"collection":[{"href":"https:\/\/ubytovaniuzamku.cz\/index.php?rest_route=\/wp\/v2\/pages"}],"about":[{"href":"https:\/\/ubytovaniuzamku.cz\/index.php?rest_route=\/wp\/v2\/types\/page"}],"author":[{"embeddable":true,"href":"https:\/\/ubytovaniuzamku.cz\/index.php?rest_route=\/wp\/v2\/users\/1"}],"replies":[{"embeddable":true,"href":"https:\/\/ubytovaniuzamku.cz\/index.php?rest_route=%2Fwp%2Fv2%2Fcomments&post=2"}],"version-history":[{"count":18,"href":"https:\/\/ubytovaniuzamku.cz\/index.php?rest_route=\/wp\/v2\/pages\/2\/revisions"}],"predecessor-version":[{"id":413,"href":"https:\/\/ubytovaniuzamku.cz\/index.php?rest_route=\/wp\/v2\/pages\/2\/revisions\/413"}],"wp:attachment":[{"href":"https:\/\/ubytovaniuzamku.cz\/index.php?rest_route=%2Fwp%2Fv2%2Fmedia&parent=2"}],"curies":[{"name":"wp","href":"https:\/\/api.w.org\/{rel}","templated":true}]}}